{"id":2197,"date":"2021-11-17T12:35:03","date_gmt":"2021-11-17T12:35:03","guid":{"rendered":"https:\/\/singularhomes.com\/aviso-legal\/"},"modified":"2021-11-17T12:46:57","modified_gmt":"2021-11-17T12:46:57","slug":"legal-notice","status":"publish","type":"page","link":"https:\/\/singularhomes.com\/en\/legal-notice\/","title":{"rendered":"Legal notice"},"content":{"rendered":"<div class=\"fusion-fullwidth fullwidth-box fusion-builder-row-1 fusion-flex-container nonhundred-percent-fullwidth non-hundred-percent-height-scrolling\" style=\"background-color: rgba(255,255,255,0);background-position: center center;background-repeat: no-repeat;border-width: 0px 0px 0px 0px;border-color:#e2e2e2;border-style:solid;\" ><div class=\"fusion-builder-row fusion-row fusion-flex-align-items-flex-start\" style=\"max-width:1684.8px;margin-left: calc(-4% \/ 2 );margin-right: calc(-4% \/ 2 );\"><div class=\"fusion-layout-column fusion_builder_column fusion-builder-column-0 fusion_builder_column_1_1 1_1 fusion-flex-column\"><div class=\"fusion-column-wrapper fusion-flex-justify-content-flex-start fusion-content-layout-column\" style=\"background-position:left top;background-repeat:no-repeat;-webkit-background-size:cover;-moz-background-size:cover;-o-background-size:cover;background-size:cover;padding: 0px 0px 0px 0px;\"><style type=\"text\/css\">@media only screen and (max-width:1024px) {.fusion-title.fusion-title-1{margin-top:10px!important; margin-right:0px!important;margin-bottom:15px!important;margin-left:0px!important;}}@media only screen and (max-width:640px) {.fusion-title.fusion-title-1{margin-top:10px!important; margin-right:0px!important;margin-bottom:10px!important; margin-left:0px!important;}}<\/style><div class=\"fusion-title title fusion-title-1 fusion-sep-none fusion-title-text fusion-title-size-one\" style=\"margin-top:10px;margin-right:0px;margin-bottom:15px;margin-left:0px;\"><h1 class=\"title-heading-left fusion-responsive-typography-calculated\" style=\"margin:0;--fontSize:55;line-height:1.22;\">Legal notice<\/h1><\/div><div class=\"fusion-text fusion-text-1\"><p>Pursuant to Law 15\/1999, of 13 December, on the Protection of Personal Data, we inform you that your personal data that may be in this communication, are included in a file under the responsibility of the trading company <strong>Invesfort, S.L., CIF: B-63385157<\/strong>. The purpose of this file is to manage the requested service.<\/p>\n<p>El usuario garantiza la autenticidad de todos aquellos datos que comunique a trav\u00e9s de www.efice.es y mantendr\u00e1 actualizada la informaci\u00f3n que facilite a <strong>Invesfort, S.L.<\/strong> , de forma que responda en todo momento a su situaci\u00f3n real, siendo el \u00fanico responsable de las manifestaciones falsas o inexactas que realice, as\u00ed como de los perjuicios que cause por ello a <strong>Invesfort, S.L.<\/strong>, o a terceros.<\/p>\n<p><strong>Invesfort, S.L.<\/strong>, cannot assume any responsibility derived from the incorrect, inappropriate or illicit use of the information appearing on the Internet pages of <strong>Invesfort, S.L.<\/strong>.<\/p>\n<p>Within the limits established by law, <strong>Invesfort, S.L.<\/strong>, assumes no liability for the lack of veracity, completeness, updating and accuracy of the data or information contained in its Internet pages. The contents and information of the Internet pages of <strong>Invesfort, S.L.<\/strong>, are prepared by professionals duly qualified for the exercise of their profession. However, the contents and information do not bind the aforementioned, nor do they constitute opinions, advice or legal advice of any kind, as it is merely a service offered for informative and informative purposes.<\/p>\n<p>The Internet pages of <strong>Invesfort, S.L.<\/strong> may contain links to other pages of third parties. Therefore, <strong>Invesfort, S.L.<\/strong>, cannot assume responsibility for the content that may appear on third party websites. The texts, images, sounds, animations, software and other contents included in this website are the exclusive property of <strong>Invesfort, S.L.<\/strong>, or its licensors. Any act of transmission, distribution, transfer, reproduction, storage or total or partial public communication must have the express consent of <strong>Invesfort, S.L.<\/strong>.<\/p>\n<p>Likewise, to access the services that <strong>Invesfort, S.L.<\/strong>, offers through the website, you must provide some personal data. In compliance with the provisions of the LOPD 15\/1999 of 13 December, we inform you that your personal data will be stored and processed in the files of <strong>Invesfort, S.L.<\/strong>, in order to provide and offer our services. We also inform you of the possibility of exercising your rights of access, rectification, cancellation and opposition of your personal data, in Pla\u00e7a Josep Tarradelles 15-19 local 08340, Vilassar de Mar, Barcelona, or send an email to info@singularhomes.com<\/p>\n<p>Your acceptance of this Legal Notice also implies your express consent for <strong>Invesfort, S.L.<\/strong>, to send you advertising or promotional communications by e-mail or other equivalent means of communication, under the terms established by Law 34\/2002, of Information Society Services and Electronic Commerce. In the event of not being interested in receiving this type of communication, you may contact <strong>Invesfort, S.L.<\/strong>, at the address indicated above or by e-mail to info@singularhomes.com, expressing your wish to do so.<\/p>\n<p>By completing and sending the corresponding forms on this website, the user accepts and authorises the automated processing of their personal data by <strong>Invesfort, S.L.<\/strong>. In the event that you include personal data belonging to third parties in the forms on this website, you must, prior to their inclusion, obtain their consent and inform them of the points contained in the previous paragraphs.<\/p>\n<\/div><style type=\"text\/css\">@media only screen and (max-width:1024px) {.fusion-title.fusion-title-2{margin-top:10px!important; margin-right:0px!important;margin-bottom:15px!important;margin-left:0px!important;}}@media only screen and (max-width:640px) {.fusion-title.fusion-title-2{margin-top:10px!important; margin-right:0px!important;margin-bottom:10px!important; margin-left:0px!important;}}<\/style><div class=\"fusion-title title fusion-title-2 fusion-sep-none fusion-title-text fusion-title-size-three\" style=\"margin-top:10px;margin-right:0px;margin-bottom:15px;margin-left:0px;\"><h3 class=\"title-heading-left fusion-responsive-typography-calculated\" style=\"margin:0;--fontSize:36;line-height:1.2;\">Intellectual Property<\/h3><\/div><div class=\"fusion-text fusion-text-2\"><p>The contents provided by <strong>Invesfort, S.L.<\/strong>, are subject to intellectual and industrial property rights and are the exclusive property of <strong>Invesfort, S.L.<\/strong>, or of the natural or legal persons who are informed. By acquiring a product or service, <strong>Invesfort, S.L.<\/strong>, does not grant the purchaser any right of alteration, exploitation, reproduction, distribution or public communication of the same, and <strong>Invesfort, S.L.<\/strong>, reserves all these rights. The transfer of the aforementioned rights shall require the prior written consent of the owner thereof, so that the customer may not make such content available to third parties.<\/p>\n<p>The intellectual property extends, in addition to the content included in <strong>Invesfort, S.L.<\/strong>, to its graphics, logos, designs, images and source codes used for its programming.<\/p>\n<p><strong>Invesfort, S.L.<\/strong>, has obtained the information and materials included on the website from sources considered reliable and, although reasonable measures have been taken to ensure that the information contained is correct, <strong>Invesfort, S.L.<\/strong>, cannot guarantee that at all times and under all circumstances such information is accurate, complete, updated and, consequently, should not be relied upon as if it were. <strong>Invesfort, S.L.<\/strong>, expressly disclaims any liability for error or omission in the information contained in the pages of this website.<\/p>\n<p><strong>Invesfort, S.L.<\/strong>, reserves the right to modify, suspend, cancel or restrict the content of the website, the links or the information obtained through it, without prior notice. Under no circumstances does it assume any liability as a result of the incorrect use of the website by the user, either of the information or of the services contained therein.<\/p>\n<p>Under no circumstances <strong>Invesfort, S.L. <\/strong>, its branches and\/or work centres, its directors and\/or agents, employees and, in general, authorised personnel shall be liable for any kind of damage, loss, claims or expenses of any kind, whether arising directly or indirectly from the use and\/or dissemination of the website or of the information acquired or accessed by or through it, or from computer viruses, operational failures or interruptions in the service or transmission or failures in the connection line in the use of the website, whether directly or indirectly, or its computer viruses, operational failures or interruptions in service or transmission or line failures in the use of the web, whether by direct connection or by link or other means, constituting for all legal purposes a warning to any user that these possibilities and events may occur.<\/p>\n<p><strong>Invesfort, S.L.<\/strong>, is not responsible for websites that are not its own and which can be accessed via links or any content made available by third parties. Any use of a link or access to a website not belonging to the company shall be at the user&#8217;s sole risk and expense. <\/p>\n<p><strong>Invesfort, S.L.<\/strong>, does not recommend or guarantee any of the information obtained by or through a link, nor is it responsible for any loss, claim or damage arising from the use or misuse of a link, or the information obtained through it, including other links or websites, interruption in service or access, or the attempt to use or misuse a link, both when connecting to the website of <strong>Invesfort, S. L.<\/strong>, or when accessing information on other websites from the same.<\/p>\n<p>On some occasions, this website uses &#8220;Cookies&#8221;, i.e. small data files that are generated in the user&#8217;s computer and which allow the following information to be obtained: 1) Date and time of the last time the user visited the website; 2) Design and content chosen by the user on their first visit to the website; 3) Security elements involved in controlling access to restricted areas and 4) Other similar circumstances. The user has the option of preventing the generation of cookies by selecting the corresponding option in their browser. However, <strong>Invesfort, S.L.<\/strong> shall not be liable for the deactivation of cookies preventing the proper functioning of the website.<\/p>\n<\/div><style type=\"text\/css\">@media only screen and (max-width:1024px) {.fusion-title.fusion-title-3{margin-top:10px!important; margin-right:0px!important;margin-bottom:15px!important;margin-left:0px!important;}}@media only screen and (max-width:640px) {.fusion-title.fusion-title-3{margin-top:10px!important; margin-right:0px!important;margin-bottom:10px!important; margin-left:0px!important;}}<\/style><div class=\"fusion-title title fusion-title-3 fusion-sep-none fusion-title-text fusion-title-size-three\" style=\"margin-top:10px;margin-right:0px;margin-bottom:15px;margin-left:0px;\"><h3 class=\"title-heading-left fusion-responsive-typography-calculated\" style=\"margin:0;--fontSize:36;line-height:1.2;\">Industrial and Intellectual Property<\/h3><\/div><div class=\"fusion-text fusion-text-3\"><p>This website is the property of <strong>Invesfort, S.L.<\/strong>, The intellectual property rights and rights of exploitation and reproduction of this website, its pages, screens, the information they contain, their appearance and design, as well as the links (&#8220;hyperlinks&#8221;) that are established from it to other websites of any subsidiary and\/or dominated company of <strong>Invesfort, S.L.<\/strong>, are the exclusive property of the latter, unless expressly specified otherwise. Any name, design and\/or logo, as well as any product or service offered and reflected on this website, are trademarks duly registered by <strong>Invesfort, S.L.<\/strong>, by its subsidiaries and\/or dominated companies or by third parties. Any improper use of the same by persons other than their legitimate owner and without the express and unequivocal consent of the latter may be denounced and prosecuted through all legal means existing in the Spanish and\/or Community legal system.<\/p>\n<p>The intellectual property rights and trademarks of third parties are suitably highlighted and must be respected by anyone who accesses this page, and <strong>Invesfort, S.L.<\/strong> is not responsible for the use that the user may make of them, the sole responsibility falling on the user.<\/p>\n<p>Only for personal and private use is it permitted to download the contents, copy or print any page of this website. It is forbidden to reproduce, transmit, modify or delete the information, content or warnings on this website without the prior written authorisation of <strong>Invesfort, S.L.<\/strong>.<\/p>\n<\/div><style type=\"text\/css\">@media only screen and (max-width:1024px) {.fusion-title.fusion-title-4{margin-top:10px!important; margin-right:0px!important;margin-bottom:15px!important;margin-left:0px!important;}}@media only screen and (max-width:640px) {.fusion-title.fusion-title-4{margin-top:10px!important; margin-right:0px!important;margin-bottom:10px!important; margin-left:0px!important;}}<\/style><div class=\"fusion-title title fusion-title-4 fusion-sep-none fusion-title-text fusion-title-size-three\" style=\"margin-top:10px;margin-right:0px;margin-bottom:15px;margin-left:0px;\"><h3 class=\"title-heading-left fusion-responsive-typography-calculated\" style=\"margin:0;--fontSize:36;line-height:1.2;\">Industrial and Intellectual Property<\/h3><\/div><div class=\"fusion-text fusion-text-4\"><p>These general conditions are governed by Spanish law, and the Spanish Courts and Tribunals are competent to hear any questions that may arise regarding the interpretation, application and fulfilment of the same. The user, by virtue of their acceptance of the general conditions contained in this legal notice, expressly waives any jurisdiction that, by application of the Civil Procedure Law in force, may correspond to them.<\/p>\n<\/div><\/div><style type=\"text\/css\">.fusion-body .fusion-builder-column-0{width:100% !important;margin-top : 0px;margin-bottom : 0px;}.fusion-builder-column-0 > .fusion-column-wrapper {padding-top : 0px !important;padding-right : 0px !important;margin-right : 1.92%;padding-bottom : 0px !important;padding-left : 0px !important;margin-left : 1.92%;}@media only screen and (max-width:1024px) {.fusion-body .fusion-builder-column-0{width:100% !important;}.fusion-builder-column-0 > .fusion-column-wrapper {margin-right : 1.92%;margin-left : 1.92%;}}@media only screen and (max-width:640px) {.fusion-body .fusion-builder-column-0{width:100% !important;}.fusion-builder-column-0 > .fusion-column-wrapper {margin-right : 1.92%;margin-left : 1.92%;}}<\/style><\/div><\/div><style type=\"text\/css\">.fusion-body .fusion-flex-container.fusion-builder-row-1{ padding-top : 0px;margin-top : 5%;padding-right : 4%;padding-bottom : 0px;margin-bottom : 5%;padding-left : 4%;}<\/style><\/div>\n","protected":false},"excerpt":{"rendered":"","protected":false},"author":1,"featured_media":0,"parent":0,"menu_order":0,"comment_status":"closed","ping_status":"open","template":"","meta":{"footnotes":""},"class_list":["post-2197","page","type-page","status-publish","hentry"],"yoast_head":"<!-- This site is optimized with the Yoast SEO plugin v27.1.1 - https:\/\/yoast.com\/product\/yoast-seo-wordpress\/ -->\n<title>Legal notice | Singular Homes<\/title>\n<meta name=\"robots\" content=\"index, follow, max-snippet:-1, max-image-preview:large, max-video-preview:-1\" \/>\n<link rel=\"canonical\" href=\"https:\/\/singularhomes.com\/en\/legal-notice\/\" \/>\n<meta property=\"og:locale\" content=\"en_US\" \/>\n<meta property=\"og:type\" content=\"article\" \/>\n<meta property=\"og:title\" content=\"Legal notice | Singular Homes\" \/>\n<meta property=\"og:url\" content=\"https:\/\/singularhomes.com\/en\/legal-notice\/\" \/>\n<meta property=\"og:site_name\" content=\"Singular Homes\" \/>\n<meta property=\"article:modified_time\" content=\"2021-11-17T12:46:57+00:00\" \/>\n<meta name=\"twitter:card\" content=\"summary_large_image\" \/>\n<meta name=\"twitter:label1\" content=\"Est. reading time\" \/>\n\t<meta name=\"twitter:data1\" content=\"10 minutes\" \/>\n<script type=\"application\/ld+json\" class=\"yoast-schema-graph\">{\"@context\":\"https:\/\/schema.org\",\"@graph\":[{\"@type\":\"WebPage\",\"@id\":\"https:\/\/singularhomes.com\/en\/legal-notice\/\",\"url\":\"https:\/\/singularhomes.com\/en\/legal-notice\/\",\"name\":\"Legal notice | Singular Homes\",\"isPartOf\":{\"@id\":\"https:\/\/singularhomes.com\/#website\"},\"datePublished\":\"2021-11-17T12:35:03+00:00\",\"dateModified\":\"2021-11-17T12:46:57+00:00\",\"inLanguage\":\"en-US\",\"potentialAction\":[{\"@type\":\"ReadAction\",\"target\":[\"https:\/\/singularhomes.com\/en\/legal-notice\/\"]}]},{\"@type\":\"WebSite\",\"@id\":\"https:\/\/singularhomes.com\/#website\",\"url\":\"https:\/\/singularhomes.com\/\",\"name\":\"Singular Homes\",\"description\":\"Casas singulares en el Maresme\",\"publisher\":{\"@id\":\"https:\/\/singularhomes.com\/#organization\"},\"potentialAction\":[{\"@type\":\"SearchAction\",\"target\":{\"@type\":\"EntryPoint\",\"urlTemplate\":\"https:\/\/singularhomes.com\/?s={search_term_string}\"},\"query-input\":{\"@type\":\"PropertyValueSpecification\",\"valueRequired\":true,\"valueName\":\"search_term_string\"}}],\"inLanguage\":\"en-US\"},{\"@type\":\"Organization\",\"@id\":\"https:\/\/singularhomes.com\/#organization\",\"name\":\"Singular Homes\",\"url\":\"https:\/\/singularhomes.com\/\",\"logo\":{\"@type\":\"ImageObject\",\"inLanguage\":\"en-US\",\"@id\":\"https:\/\/singularhomes.com\/#\/schema\/logo\/image\/\",\"url\":\"https:\/\/singularhomes.com\/wp-content\/uploads\/2021\/10\/LOGO-1X-F.png\",\"contentUrl\":\"https:\/\/singularhomes.com\/wp-content\/uploads\/2021\/10\/LOGO-1X-F.png\",\"width\":500,\"height\":74,\"caption\":\"Singular Homes\"},\"image\":{\"@id\":\"https:\/\/singularhomes.com\/#\/schema\/logo\/image\/\"}}]}<\/script>\n<!-- \/ Yoast SEO plugin. -->","yoast_head_json":{"title":"Legal notice | Singular Homes","robots":{"index":"index","follow":"follow","max-snippet":"max-snippet:-1","max-image-preview":"max-image-preview:large","max-video-preview":"max-video-preview:-1"},"canonical":"https:\/\/singularhomes.com\/en\/legal-notice\/","og_locale":"en_US","og_type":"article","og_title":"Legal notice | Singular Homes","og_url":"https:\/\/singularhomes.com\/en\/legal-notice\/","og_site_name":"Singular Homes","article_modified_time":"2021-11-17T12:46:57+00:00","twitter_card":"summary_large_image","twitter_misc":{"Est. reading time":"10 minutes"},"schema":{"@context":"https:\/\/schema.org","@graph":[{"@type":"WebPage","@id":"https:\/\/singularhomes.com\/en\/legal-notice\/","url":"https:\/\/singularhomes.com\/en\/legal-notice\/","name":"Legal notice | Singular Homes","isPartOf":{"@id":"https:\/\/singularhomes.com\/#website"},"datePublished":"2021-11-17T12:35:03+00:00","dateModified":"2021-11-17T12:46:57+00:00","inLanguage":"en-US","potentialAction":[{"@type":"ReadAction","target":["https:\/\/singularhomes.com\/en\/legal-notice\/"]}]},{"@type":"WebSite","@id":"https:\/\/singularhomes.com\/#website","url":"https:\/\/singularhomes.com\/","name":"Singular Homes","description":"Casas singulares en el Maresme","publisher":{"@id":"https:\/\/singularhomes.com\/#organization"},"potentialAction":[{"@type":"SearchAction","target":{"@type":"EntryPoint","urlTemplate":"https:\/\/singularhomes.com\/?s={search_term_string}"},"query-input":{"@type":"PropertyValueSpecification","valueRequired":true,"valueName":"search_term_string"}}],"inLanguage":"en-US"},{"@type":"Organization","@id":"https:\/\/singularhomes.com\/#organization","name":"Singular Homes","url":"https:\/\/singularhomes.com\/","logo":{"@type":"ImageObject","inLanguage":"en-US","@id":"https:\/\/singularhomes.com\/#\/schema\/logo\/image\/","url":"https:\/\/singularhomes.com\/wp-content\/uploads\/2021\/10\/LOGO-1X-F.png","contentUrl":"https:\/\/singularhomes.com\/wp-content\/uploads\/2021\/10\/LOGO-1X-F.png","width":500,"height":74,"caption":"Singular Homes"},"image":{"@id":"https:\/\/singularhomes.com\/#\/schema\/logo\/image\/"}}]}},"_links":{"self":[{"href":"https:\/\/singularhomes.com\/en\/wp-json\/wp\/v2\/pages\/2197","targetHints":{"allow":["GET"]}}],"collection":[{"href":"https:\/\/singularhomes.com\/en\/wp-json\/wp\/v2\/pages"}],"about":[{"href":"https:\/\/singularhomes.com\/en\/wp-json\/wp\/v2\/types\/page"}],"author":[{"embeddable":true,"href":"https:\/\/singularhomes.com\/en\/wp-json\/wp\/v2\/users\/1"}],"replies":[{"embeddable":true,"href":"https:\/\/singularhomes.com\/en\/wp-json\/wp\/v2\/comments?post=2197"}],"version-history":[{"count":5,"href":"https:\/\/singularhomes.com\/en\/wp-json\/wp\/v2\/pages\/2197\/revisions"}],"predecessor-version":[{"id":2202,"href":"https:\/\/singularhomes.com\/en\/wp-json\/wp\/v2\/pages\/2197\/revisions\/2202"}],"wp:attachment":[{"href":"https:\/\/singularhomes.com\/en\/wp-json\/wp\/v2\/media?parent=2197"}],"curies":[{"name":"wp","href":"https:\/\/api.w.org\/{rel}","templated":true}]}}